{"id":12871,"date":"2023-10-11T09:09:03","date_gmt":"2023-10-11T07:09:03","guid":{"rendered":"https:\/\/deenswonen.nl\/product\/iittala-aalto-schale-136-mm-transparent\/"},"modified":"2023-10-11T09:09:03","modified_gmt":"2023-10-11T07:09:03","slug":"iittala-aalto-skala-136-mm-transparent-2","status":"publish","type":"product","link":"https:\/\/deenswonen.nl\/de\/produkt\/iittala-aalto-skala-136-mm-transparent-2\/","title":{"rendered":"iittala Aalto Schale 136 mm transparent"},"content":{"rendered":"<h1 class=\"product_title entry-title\">iittala Aalto Schale 136 mm transparent<\/h1>\n<p>Sch\u00f6ne iittala Aalto Schale 136 mm transparent. Das Design orientiert sich an der weltber\u00fchmten Aalto-Vase. Alvar Aalto Entwarf die Aalto Vase im Jahr 1936. Diese flie\u00dfende, organische Form ist bei Iittala mundgeblasen noch in Arbeit. Die Vase Aalto ist eine Ikone des modernen Designs.<\/p>\n<p>Die Aalto-Schale ist von transparenter Farbe. Die Gr\u00f6\u00dfe ist perfekt zum Servieren von Snacks wie N\u00fcssen und S\u00fc\u00dfigkeiten. Ideal auch als Dekoration oder als Geschenk. Dieses Format wird bei Iittala nicht mehr hergestellt.<\/p>\n<h2>Design<\/h2>\n<p>Der Weltklasse-Designer Alvar Aalto kombiniert einzigartige Designs mit gr\u00f6\u00dferer Handwerkskunst. Es gibt viele ikonische Designst\u00fccke, die sowohl funktional als auch skulptural sind. Die asymmetrische Wellenform, die Aalto f\u00fcr Iittala entwarf, sorgte w\u00e4hrend der Weltausstellung 1937 in Paris f\u00fcr Furore. Die Aalto-Kollektion ist einzigartig und von Tausenden finnischer Seen inspiriert.<\/p>\n<p>Die Schale ist ideal f\u00fcr einen sch\u00f6n gedeckten Tisch. Dar\u00fcber hinaus verleiht das Design jeder Wohnkultur eine raffinierte Atmosph\u00e4re. Stellen Sie mehrere dieser Schalen zusammen oder kombinieren Sie sie mit anderen Produkten aus der Aalto-Linie.<\/p>\n<h2 id=\"tw-target-text\" class=\"tw-data-text tw-text-large XcVN5d tw-ta\" dir=\"ltr\" data-placeholder=\"Vertaling\"><span lang=\"nl\">Technische Daten Iittala Aalto 136 mm Schale transparent<\/span><\/h2>\n<p class=\"tw-data-text tw-text-large XcVN5d tw-ta\" dir=\"ltr\" data-placeholder=\"Vertaling\"><span lang=\"nl\">Diese sch\u00f6ne Schale ist in gutem Zustand. Es hat keine Besch\u00e4digungen oder Chips und der Iittala-Aufkleber ist vorhanden. Diese Schale hat auch den Iittala-Stempel auf der Unterseite. <\/span><\/p>\n<p>Die Ma\u00dfe dieser Schale sind:<\/p>\n<ul class=\"list-unstyled\">\n<li><span class=\"t-bold\">Breite: <\/span><span data-at=\"specifications-Breedte\">136 mm<\/span><\/li>\n<li><span class=\"t-bold\">Tiefe: 123<\/span><span data-at=\"specifications-Diepte\"> mm<\/span><\/li>\n<li><span class=\"t-bold\">H\u00f6he: 3<\/span><span data-at=\"specifications-Hoogte\">6 mm<\/span><\/li>\n<\/ul>\n<p>Diese Schale ist ca. 3 Jahre alt, deshalb bitten wir Sie, sich die Fotos genau anzusehen. So erhalten Sie einen guten Eindruck vom Zustand der Schale. Wir haben auch mehrere Modelle und Farben zur <a href=\"https:\/\/deenswonen.nl\/product-categorie\/merken\/iittala\/\">Verf\u00fcgung<\/a>.<\/p>\n<p>Wir versenden alle unsere Produkte einfach verpackt mit Post NL. Unsere Produkte k\u00f6nnen auch nach Vereinbarung in Berkel en Rodenrijs abgeholt werden.<\/p>\n","protected":false},"excerpt":{"rendered":"<p>Sch\u00f6ne iittala Aalto Schale 136 mm transparent. Die Aalto-Schale ist von durchscheinender Farbe. Die Gr\u00f6\u00dfe ist perfekt zum Servieren von Snacks wie N\u00fcssen und S\u00fc\u00dfigkeiten. Ideal auch als Dekoration oder als Geschenk. Dieses Format wird bei Iittala nicht mehr hergestellt.<\/p>\n<p>Diese Schale ist ca. 3 Jahre alt, deshalb bitten wir Sie, sich die Fotos genau anzusehen. So erhalten Sie einen guten Eindruck vom Zustand. M\u00f6glicherweise haben wir mehrere Modelle <strong><a href=\"https:\/\/deenswonen.nl\/product-categorie\/merken\/iittala\/\">verf\u00fcgbar.<\/a><\/strong><\/p>\n","protected":false},"featured_media":12854,"template":"","meta":[],"product_brand":[],"product_cat":[164,174,100,156],"product_tag":[],"class_list":{"0":"post-12871","1":"product","2":"type-product","3":"status-publish","4":"has-post-thumbnail","6":"product_cat-bestseller","7":"product_cat-geschirr","8":"product_cat-iittala-de","9":"product_cat-neu-eingetroffen","10":"thunk-woo-product-list","11":"opn-qv-enable","12":"top-store-woo-hover-swap","13":"top-store-single-product-tab-horizontal","14":"top-store-shadow-","15":"top-store-shadow-hover-","17":"first","18":"outofstock","19":"taxable","20":"shipping-taxable","21":"purchasable","22":"product-type-simple"},"yoast_head":"<!-- This site is optimized with the Yoast SEO plugin v27.3 - https:\/\/yoast.com\/product\/yoast-seo-wordpress\/ -->\n<title>iittala Aalto Schale 136 mm transparent - D\u00e4nisch lebend<\/title>\n<meta name=\"description\" content=\"Sch\u00f6ne iittala Aalto Schale transparent von Alvar Aalto. Perfekt zum Servieren von Snacks wie N\u00fcssen und S\u00fc\u00dfigkeiten. Suchen Sie hier nach Informationen\" \/>\n<meta name=\"robots\" content=\"index, follow, max-snippet:-1, max-image-preview:large, max-video-preview:-1\" \/>\n<link rel=\"canonical\" href=\"https:\/\/deenswonen.nl\/de\/produkt\/iittala-aalto-skala-136-mm-transparent-2\/\" \/>\n<meta property=\"og:locale\" content=\"de_DE\" \/>\n<meta property=\"og:type\" content=\"article\" \/>\n<meta property=\"og:title\" content=\"iittala Aalto Schale 136 mm transparent - D\u00e4nisch lebend\" \/>\n<meta property=\"og:description\" content=\"Sch\u00f6ne iittala Aalto Schale transparent von Alvar Aalto. Perfekt zum Servieren von Snacks wie N\u00fcssen und S\u00fc\u00dfigkeiten. Suchen Sie hier nach Informationen\" \/>\n<meta property=\"og:url\" content=\"https:\/\/deenswonen.nl\/de\/produkt\/iittala-aalto-skala-136-mm-transparent-2\/\" \/>\n<meta property=\"og:site_name\" content=\"D\u00e4nisch leben\" \/>\n<meta property=\"og:image\" content=\"https:\/\/i0.wp.com\/deenswonen.nl\/wp-content\/uploads\/2023\/10\/65943F84-6E3D-4C77-A95A-458D0307C921_1_201_a-kopieren-scaled.jpg?fit=2560%2C1920&ssl=1\" \/>\n\t<meta property=\"og:image:width\" content=\"2560\" \/>\n\t<meta property=\"og:image:height\" content=\"1920\" \/>\n\t<meta property=\"og:image:type\" content=\"image\/jpeg\" \/>\n<meta name=\"twitter:card\" content=\"summary_large_image\" \/>\n<meta name=\"twitter:label1\" content=\"Gesch\u00e4tzte Lesezeit\" \/>\n\t<meta name=\"twitter:data1\" content=\"1\u00a0Minute\" \/>\n<script type=\"application\/ld+json\" class=\"yoast-schema-graph\">{\"@context\":\"https:\\\/\\\/schema.org\",\"@graph\":[{\"@type\":\"WebPage\",\"@id\":\"https:\\\/\\\/deenswonen.nl\\\/de\\\/produkt\\\/iittala-aalto-skala-136-mm-transparent-2\\\/\",\"url\":\"https:\\\/\\\/deenswonen.nl\\\/de\\\/produkt\\\/iittala-aalto-skala-136-mm-transparent-2\\\/\",\"name\":\"iittala Aalto Schale 136 mm transparent - D\u00e4nisch lebend\",\"isPartOf\":{\"@id\":\"https:\\\/\\\/deenswonen.nl\\\/de\\\/#website\"},\"primaryImageOfPage\":{\"@id\":\"https:\\\/\\\/deenswonen.nl\\\/de\\\/produkt\\\/iittala-aalto-skala-136-mm-transparent-2\\\/#primaryimage\"},\"image\":{\"@id\":\"https:\\\/\\\/deenswonen.nl\\\/de\\\/produkt\\\/iittala-aalto-skala-136-mm-transparent-2\\\/#primaryimage\"},\"thumbnailUrl\":\"https:\\\/\\\/i0.wp.com\\\/deenswonen.nl\\\/wp-content\\\/uploads\\\/2023\\\/10\\\/65943F84-6E3D-4C77-A95A-458D0307C921_1_201_a-kopieren-scaled.jpg?fit=2560%2C1920&ssl=1\",\"datePublished\":\"2023-10-11T07:09:03+00:00\",\"description\":\"Sch\u00f6ne iittala Aalto Schale transparent von Alvar Aalto. Perfekt zum Servieren von Snacks wie N\u00fcssen und S\u00fc\u00dfigkeiten. Suchen Sie hier nach Informationen\",\"breadcrumb\":{\"@id\":\"https:\\\/\\\/deenswonen.nl\\\/de\\\/produkt\\\/iittala-aalto-skala-136-mm-transparent-2\\\/#breadcrumb\"},\"inLanguage\":\"de\",\"potentialAction\":[{\"@type\":\"ReadAction\",\"target\":[\"https:\\\/\\\/deenswonen.nl\\\/de\\\/produkt\\\/iittala-aalto-skala-136-mm-transparent-2\\\/\"]}]},{\"@type\":\"ImageObject\",\"inLanguage\":\"de\",\"@id\":\"https:\\\/\\\/deenswonen.nl\\\/de\\\/produkt\\\/iittala-aalto-skala-136-mm-transparent-2\\\/#primaryimage\",\"url\":\"https:\\\/\\\/i0.wp.com\\\/deenswonen.nl\\\/wp-content\\\/uploads\\\/2023\\\/10\\\/65943F84-6E3D-4C77-A95A-458D0307C921_1_201_a-kopieren-scaled.jpg?fit=2560%2C1920&ssl=1\",\"contentUrl\":\"https:\\\/\\\/i0.wp.com\\\/deenswonen.nl\\\/wp-content\\\/uploads\\\/2023\\\/10\\\/65943F84-6E3D-4C77-A95A-458D0307C921_1_201_a-kopieren-scaled.jpg?fit=2560%2C1920&ssl=1\",\"width\":2560,\"height\":1920,\"caption\":\"Afbeelding van de Iittala Aalto schaal transparant 136 mm die in deze advertentie wordt aangeboden.\"},{\"@type\":\"BreadcrumbList\",\"@id\":\"https:\\\/\\\/deenswonen.nl\\\/de\\\/produkt\\\/iittala-aalto-skala-136-mm-transparent-2\\\/#breadcrumb\",\"itemListElement\":[{\"@type\":\"ListItem\",\"position\":1,\"name\":\"Home\",\"item\":\"https:\\\/\\\/deenswonen.nl\\\/de\\\/daenisch-leben\\\/\"},{\"@type\":\"ListItem\",\"position\":2,\"name\":\"Winkel\",\"item\":\"https:\\\/\\\/deenswonen.nl\\\/winkel\\\/\"},{\"@type\":\"ListItem\",\"position\":3,\"name\":\"iittala Aalto Schale 136 mm transparent\"}]},{\"@type\":\"WebSite\",\"@id\":\"https:\\\/\\\/deenswonen.nl\\\/de\\\/#website\",\"url\":\"https:\\\/\\\/deenswonen.nl\\\/de\\\/\",\"name\":\"Deens wonen\",\"description\":\"Vintage skandinavische Wohnaccessoires\",\"publisher\":{\"@id\":\"https:\\\/\\\/deenswonen.nl\\\/de\\\/#organization\"},\"potentialAction\":[{\"@type\":\"SearchAction\",\"target\":{\"@type\":\"EntryPoint\",\"urlTemplate\":\"https:\\\/\\\/deenswonen.nl\\\/de\\\/?s={search_term_string}\"},\"query-input\":{\"@type\":\"PropertyValueSpecification\",\"valueRequired\":true,\"valueName\":\"search_term_string\"}}],\"inLanguage\":\"de\"},{\"@type\":\"Organization\",\"@id\":\"https:\\\/\\\/deenswonen.nl\\\/de\\\/#organization\",\"name\":\"D\u00e4nisch leben\",\"url\":\"https:\\\/\\\/deenswonen.nl\\\/de\\\/\",\"logo\":{\"@type\":\"ImageObject\",\"inLanguage\":\"de\",\"@id\":\"https:\\\/\\\/deenswonen.nl\\\/de\\\/#\\\/schema\\\/logo\\\/image\\\/\",\"url\":\"https:\\\/\\\/i0.wp.com\\\/deenswonen.nl\\\/wp-content\\\/uploads\\\/2021\\\/11\\\/51ECE736-8380-4D65-ACA6-DE74174F3C35_1_201_a.jpeg?fit=1200%2C675&ssl=1\",\"contentUrl\":\"https:\\\/\\\/i0.wp.com\\\/deenswonen.nl\\\/wp-content\\\/uploads\\\/2021\\\/11\\\/51ECE736-8380-4D65-ACA6-DE74174F3C35_1_201_a.jpeg?fit=1200%2C675&ssl=1\",\"width\":1200,\"height\":675,\"caption\":\"D\u00e4nisch leben\"},\"image\":{\"@id\":\"https:\\\/\\\/deenswonen.nl\\\/de\\\/#\\\/schema\\\/logo\\\/image\\\/\"}}]}<\/script>\n<!-- \/ Yoast SEO plugin. -->","yoast_head_json":{"title":"iittala Aalto Schale 136 mm transparent - D\u00e4nisch lebend","description":"Sch\u00f6ne iittala Aalto Schale transparent von Alvar Aalto. Perfekt zum Servieren von Snacks wie N\u00fcssen und S\u00fc\u00dfigkeiten. Suchen Sie hier nach Informationen","robots":{"index":"index","follow":"follow","max-snippet":"max-snippet:-1","max-image-preview":"max-image-preview:large","max-video-preview":"max-video-preview:-1"},"canonical":"https:\/\/deenswonen.nl\/de\/produkt\/iittala-aalto-skala-136-mm-transparent-2\/","og_locale":"de_DE","og_type":"article","og_title":"iittala Aalto Schale 136 mm transparent - D\u00e4nisch lebend","og_description":"Sch\u00f6ne iittala Aalto Schale transparent von Alvar Aalto. Perfekt zum Servieren von Snacks wie N\u00fcssen und S\u00fc\u00dfigkeiten. Suchen Sie hier nach Informationen","og_url":"https:\/\/deenswonen.nl\/de\/produkt\/iittala-aalto-skala-136-mm-transparent-2\/","og_site_name":"D\u00e4nisch leben","og_image":[{"width":2560,"height":1920,"url":"https:\/\/i0.wp.com\/deenswonen.nl\/wp-content\/uploads\/2023\/10\/65943F84-6E3D-4C77-A95A-458D0307C921_1_201_a-kopieren-scaled.jpg?fit=2560%2C1920&ssl=1","type":"image\/jpeg"}],"twitter_card":"summary_large_image","twitter_misc":{"Gesch\u00e4tzte Lesezeit":"1\u00a0Minute"},"schema":{"@context":"https:\/\/schema.org","@graph":[{"@type":"WebPage","@id":"https:\/\/deenswonen.nl\/de\/produkt\/iittala-aalto-skala-136-mm-transparent-2\/","url":"https:\/\/deenswonen.nl\/de\/produkt\/iittala-aalto-skala-136-mm-transparent-2\/","name":"iittala Aalto Schale 136 mm transparent - D\u00e4nisch lebend","isPartOf":{"@id":"https:\/\/deenswonen.nl\/de\/#website"},"primaryImageOfPage":{"@id":"https:\/\/deenswonen.nl\/de\/produkt\/iittala-aalto-skala-136-mm-transparent-2\/#primaryimage"},"image":{"@id":"https:\/\/deenswonen.nl\/de\/produkt\/iittala-aalto-skala-136-mm-transparent-2\/#primaryimage"},"thumbnailUrl":"https:\/\/i0.wp.com\/deenswonen.nl\/wp-content\/uploads\/2023\/10\/65943F84-6E3D-4C77-A95A-458D0307C921_1_201_a-kopieren-scaled.jpg?fit=2560%2C1920&ssl=1","datePublished":"2023-10-11T07:09:03+00:00","description":"Sch\u00f6ne iittala Aalto Schale transparent von Alvar Aalto. Perfekt zum Servieren von Snacks wie N\u00fcssen und S\u00fc\u00dfigkeiten. Suchen Sie hier nach Informationen","breadcrumb":{"@id":"https:\/\/deenswonen.nl\/de\/produkt\/iittala-aalto-skala-136-mm-transparent-2\/#breadcrumb"},"inLanguage":"de","potentialAction":[{"@type":"ReadAction","target":["https:\/\/deenswonen.nl\/de\/produkt\/iittala-aalto-skala-136-mm-transparent-2\/"]}]},{"@type":"ImageObject","inLanguage":"de","@id":"https:\/\/deenswonen.nl\/de\/produkt\/iittala-aalto-skala-136-mm-transparent-2\/#primaryimage","url":"https:\/\/i0.wp.com\/deenswonen.nl\/wp-content\/uploads\/2023\/10\/65943F84-6E3D-4C77-A95A-458D0307C921_1_201_a-kopieren-scaled.jpg?fit=2560%2C1920&ssl=1","contentUrl":"https:\/\/i0.wp.com\/deenswonen.nl\/wp-content\/uploads\/2023\/10\/65943F84-6E3D-4C77-A95A-458D0307C921_1_201_a-kopieren-scaled.jpg?fit=2560%2C1920&ssl=1","width":2560,"height":1920,"caption":"Afbeelding van de Iittala Aalto schaal transparant 136 mm die in deze advertentie wordt aangeboden."},{"@type":"BreadcrumbList","@id":"https:\/\/deenswonen.nl\/de\/produkt\/iittala-aalto-skala-136-mm-transparent-2\/#breadcrumb","itemListElement":[{"@type":"ListItem","position":1,"name":"Home","item":"https:\/\/deenswonen.nl\/de\/daenisch-leben\/"},{"@type":"ListItem","position":2,"name":"Winkel","item":"https:\/\/deenswonen.nl\/winkel\/"},{"@type":"ListItem","position":3,"name":"iittala Aalto Schale 136 mm transparent"}]},{"@type":"WebSite","@id":"https:\/\/deenswonen.nl\/de\/#website","url":"https:\/\/deenswonen.nl\/de\/","name":"Deens wonen","description":"Vintage skandinavische Wohnaccessoires","publisher":{"@id":"https:\/\/deenswonen.nl\/de\/#organization"},"potentialAction":[{"@type":"SearchAction","target":{"@type":"EntryPoint","urlTemplate":"https:\/\/deenswonen.nl\/de\/?s={search_term_string}"},"query-input":{"@type":"PropertyValueSpecification","valueRequired":true,"valueName":"search_term_string"}}],"inLanguage":"de"},{"@type":"Organization","@id":"https:\/\/deenswonen.nl\/de\/#organization","name":"D\u00e4nisch leben","url":"https:\/\/deenswonen.nl\/de\/","logo":{"@type":"ImageObject","inLanguage":"de","@id":"https:\/\/deenswonen.nl\/de\/#\/schema\/logo\/image\/","url":"https:\/\/i0.wp.com\/deenswonen.nl\/wp-content\/uploads\/2021\/11\/51ECE736-8380-4D65-ACA6-DE74174F3C35_1_201_a.jpeg?fit=1200%2C675&ssl=1","contentUrl":"https:\/\/i0.wp.com\/deenswonen.nl\/wp-content\/uploads\/2021\/11\/51ECE736-8380-4D65-ACA6-DE74174F3C35_1_201_a.jpeg?fit=1200%2C675&ssl=1","width":1200,"height":675,"caption":"D\u00e4nisch leben"},"image":{"@id":"https:\/\/deenswonen.nl\/de\/#\/schema\/logo\/image\/"}}]}},"jetpack_sharing_enabled":true,"_links":{"self":[{"href":"https:\/\/deenswonen.nl\/de\/wp-json\/wp\/v2\/product\/12871","targetHints":{"allow":["GET"]}}],"collection":[{"href":"https:\/\/deenswonen.nl\/de\/wp-json\/wp\/v2\/product"}],"about":[{"href":"https:\/\/deenswonen.nl\/de\/wp-json\/wp\/v2\/types\/product"}],"wp:featuredmedia":[{"embeddable":true,"href":"https:\/\/deenswonen.nl\/de\/wp-json\/wp\/v2\/media\/12854"}],"wp:attachment":[{"href":"https:\/\/deenswonen.nl\/de\/wp-json\/wp\/v2\/media?parent=12871"}],"wp:term":[{"taxonomy":"product_brand","embeddable":true,"href":"https:\/\/deenswonen.nl\/de\/wp-json\/wp\/v2\/product_brand?post=12871"},{"taxonomy":"product_cat","embeddable":true,"href":"https:\/\/deenswonen.nl\/de\/wp-json\/wp\/v2\/product_cat?post=12871"},{"taxonomy":"product_tag","embeddable":true,"href":"https:\/\/deenswonen.nl\/de\/wp-json\/wp\/v2\/product_tag?post=12871"}],"curies":[{"name":"wp","href":"https:\/\/api.w.org\/{rel}","templated":true}]}}