{"id":11137,"date":"2023-06-16T12:39:28","date_gmt":"2023-06-16T10:39:28","guid":{"rendered":"https:\/\/deenswonen.nl\/?post_type=product&#038;p=11137"},"modified":"2023-10-12T20:17:11","modified_gmt":"2023-10-12T18:17:11","slug":"raadvad-brotschneider-chrom-gros","status":"publish","type":"product","link":"https:\/\/deenswonen.nl\/de\/produkt\/raadvad-brotschneider-chrom-gros\/","title":{"rendered":"Raadvad Brotschneider Chrom (Gro\u00df)"},"content":{"rendered":"<p class=\"p1\"><span class=\"s1\">Wundersch\u00f6ner Brotschneider in der Chrome-Version der d\u00e4nischen Marke Raadvad. Diese Brotschneidemaschinen sind ein echter Hingucker in Ihrer K\u00fcche. Halten Sie sie von Kindern fern, da das Messer rasiermesserscharf ist!<\/span><\/p>\n<h2><strong>Verwenden Sie Raadvad<\/strong><\/h2>\n<p>Diese d\u00e4nische Erfindung ist ideal zum Schneiden von Brot. Ein Raadvad hat eine rasiermesserscharfe Edelstahlklinge und ein Holzbrett, auf das Sie das Brot legen k\u00f6nnen. Anschlie\u00dfend bestimmen Sie die gew\u00fcnschte Dicke des Brotes und lassen die Guillotine ihre Arbeit verrichten. Neben Brot eignet sich der Raadvad beispielsweise auch hervorragend zum Schneiden von Gem\u00fcse, Fleisch und K\u00e4se.<\/p>\n<p>Obwohl der Raadvad in D\u00e4nemark immer noch im t\u00e4glichen Gebrauch ist, wird der Raadvad in den Niederlanden oft als Dekoration verwendet. Der Raadvad ist ein cooler Hingucker zum Beispiel f\u00fcr die Gastronomie, Fachgesch\u00e4fte und B\u00e4ckereien Das Design des Raadvad ist ein d\u00e4nischer Klassiker.<\/p>\n<h2><strong>Spezifikationen Raadvad in der Farbe Chrom<\/strong><\/h2>\n<p>Dieser Raadvad-Brotschneider in der Farbe Chrom ist aus Gusseisen gefertigt und verf\u00fcgt \u00fcber eine scharfe Edelstahlklinge, einen Holzgriff und Bretter. Diese Brotschneidemaschine von Raadvad in der Farbe Blau ist aus Gusseisen gefertigt und hat eine scharfe Edelstahlklinge, einen Holzgriff und Bretter.<\/p>\n<p><span class=\"s1\">Dieses Raadvad ist etwa 50 Jahre alt und in gutem Zustand mit Gebrauchsspuren. Bitte schauen Sie sich die Fotos genau an. Diese Chrome-Version ist selten und nirgendwo zu finden.<\/span><\/p>\n<p>Die Messungen sind:<\/p>\n<ul>\n<li>H\u00f6he: 24 cm<\/li>\n<li>Breite: 35,5 cm<\/li>\n<li>Tiefe: 36 cm<\/li>\n<li>Farbe: Chrom<\/li>\n<li>Material: Metall, Holz<\/li>\n<li>Gewicht: 3 kg<\/li>\n<\/ul>\n<h2><strong>Geschichte Raadvad<\/strong><\/h2>\n<p>Die Fabrik Raadvaddam wurde 1759 in der d\u00e4nischen Stadt Raadvaddam gegr\u00fcndet. Die Fabrik konzentrierte sich laut einem Katalog der Fabrik von 1805 nicht auf Luxusg\u00fcter, sondern auf n\u00fctzliche Waren f\u00fcr Profis. Diese Philosophie hat sich nie ge\u00e4ndert. Raadvad hat begonnen, sich auf Messer und Brotschneidemaschinen von sehr guter Qualit\u00e4t zu spezialisieren. Dies beinhaltete auch eine Namens\u00e4nderung, der Name der Fabrik \u00e4nderte sich in: Raadvad Messerfabriken. Dies beinhaltete auch eine Namens\u00e4nderung, der Name der Fabrike \u00e4ndert sich in: Raadvad Messerfabriken. Ove Larsen Zwerg 1939 die Brotschneidemaschine Raadvad. Das Design ist jetzt eine d\u00e4nische Designikone!<\/p>\n<p>Dieser Raadvad ist etwa 50 Jahre alt, deshalb bitten wir Sie, sich die Fotos sorgf\u00e4ltig anzusehen. So erhalten Sie einen guten Eindruck \u00fcber den Zustand der Brotschneidemaschine. Wir haben mehrere Farben zur Verf\u00fcgung.<\/p>\n<p>Der Raadvad wird sorgf\u00e4ltig verpackt und mit PostNL versendet. Es ist auch m\u00f6glich, den Raadvad nach Vereinbarung in Berkel en Rodenrijs abzuholen.<\/p>\n","protected":false},"excerpt":{"rendered":"<p>Sind Sie auf der Suche nach einem coolen Blickfang f\u00fcr Ihre K\u00fcche? Dan is deze prachtige Raadvad wat u zoekt.<\/p>\n<p>&nbsp;<\/p>\n<ul>\n<li><strong>Farbe: orange<\/strong><\/li>\n<li><strong>Weltweiter Versand<\/strong><\/li>\n<li><strong>14 Tage Bedenkzeit<\/strong><\/li>\n<\/ul>\n","protected":false},"featured_media":11243,"template":"","meta":[],"product_brand":[],"product_cat":[164,166,156,146],"product_tag":[376],"class_list":{"0":"post-11137","1":"product","2":"type-product","3":"status-publish","4":"has-post-thumbnail","6":"product_cat-bestseller","7":"product_cat-brotschneidemaschinen","8":"product_cat-neu-eingetroffen","9":"product_cat-raadvad-de","10":"product_tag-chrom","11":"thunk-woo-product-list","12":"opn-qv-enable","13":"top-store-woo-hover-swap","14":"top-store-single-product-tab-horizontal","15":"top-store-shadow-","16":"top-store-shadow-hover-","17":"top-store-swap-item-hover","19":"first","20":"outofstock","21":"taxable","22":"shipping-taxable","23":"purchasable","24":"product-type-simple"},"yoast_head":"<!-- This site is optimized with the Yoast SEO plugin v27.3 - https:\/\/yoast.com\/product\/yoast-seo-wordpress\/ -->\n<title>Raadvad Brotschneider Chrom (Gro\u00df) - D\u00e4nisch leben<\/title>\n<meta name=\"description\" content=\"Wundersch\u00f6ner Brotschneider in der Farbe Chrom der d\u00e4nischen Marke Raadvad. Diese Brotschneidemaschinen sind ein echter Hingucker in Ihrer K\u00fcche. Schau hier\" \/>\n<meta name=\"robots\" content=\"index, follow, max-snippet:-1, max-image-preview:large, max-video-preview:-1\" \/>\n<link rel=\"canonical\" href=\"https:\/\/deenswonen.nl\/de\/produkt\/raadvad-brotschneider-chrom-gros\/\" \/>\n<meta property=\"og:locale\" content=\"de_DE\" \/>\n<meta property=\"og:type\" content=\"article\" \/>\n<meta property=\"og:title\" content=\"Raadvad Brotschneider Chrom (Gro\u00df) - D\u00e4nisch leben\" \/>\n<meta property=\"og:description\" content=\"Wundersch\u00f6ner Brotschneider in der Farbe Chrom der d\u00e4nischen Marke Raadvad. Diese Brotschneidemaschinen sind ein echter Hingucker in Ihrer K\u00fcche. Schau hier\" \/>\n<meta property=\"og:url\" content=\"https:\/\/deenswonen.nl\/de\/produkt\/raadvad-brotschneider-chrom-gros\/\" \/>\n<meta property=\"og:site_name\" content=\"D\u00e4nisch leben\" \/>\n<meta property=\"article:modified_time\" content=\"2023-10-12T18:17:11+00:00\" \/>\n<meta property=\"og:image\" content=\"https:\/\/i0.wp.com\/deenswonen.nl\/wp-content\/uploads\/2023\/06\/raadvadchrome-scaled.jpg?fit=2560%2C1920&ssl=1\" \/>\n\t<meta property=\"og:image:width\" content=\"2560\" \/>\n\t<meta property=\"og:image:height\" content=\"1920\" \/>\n\t<meta property=\"og:image:type\" content=\"image\/jpeg\" \/>\n<meta name=\"twitter:card\" content=\"summary_large_image\" \/>\n<meta name=\"twitter:label1\" content=\"Gesch\u00e4tzte Lesezeit\" \/>\n\t<meta name=\"twitter:data1\" content=\"2\u00a0Minuten\" \/>\n<script type=\"application\/ld+json\" class=\"yoast-schema-graph\">{\"@context\":\"https:\\\/\\\/schema.org\",\"@graph\":[{\"@type\":\"WebPage\",\"@id\":\"https:\\\/\\\/deenswonen.nl\\\/de\\\/produkt\\\/raadvad-brotschneider-chrom-gros\\\/\",\"url\":\"https:\\\/\\\/deenswonen.nl\\\/de\\\/produkt\\\/raadvad-brotschneider-chrom-gros\\\/\",\"name\":\"Raadvad Brotschneider Chrom (Gro\u00df) - D\u00e4nisch leben\",\"isPartOf\":{\"@id\":\"https:\\\/\\\/deenswonen.nl\\\/de\\\/#website\"},\"primaryImageOfPage\":{\"@id\":\"https:\\\/\\\/deenswonen.nl\\\/de\\\/produkt\\\/raadvad-brotschneider-chrom-gros\\\/#primaryimage\"},\"image\":{\"@id\":\"https:\\\/\\\/deenswonen.nl\\\/de\\\/produkt\\\/raadvad-brotschneider-chrom-gros\\\/#primaryimage\"},\"thumbnailUrl\":\"https:\\\/\\\/i0.wp.com\\\/deenswonen.nl\\\/wp-content\\\/uploads\\\/2023\\\/06\\\/raadvadchrome-scaled.jpg?fit=2560%2C1920&ssl=1\",\"datePublished\":\"2023-06-16T10:39:28+00:00\",\"dateModified\":\"2023-10-12T18:17:11+00:00\",\"description\":\"Wundersch\u00f6ner Brotschneider in der Farbe Chrom der d\u00e4nischen Marke Raadvad. Diese Brotschneidemaschinen sind ein echter Hingucker in Ihrer K\u00fcche. Schau hier\",\"breadcrumb\":{\"@id\":\"https:\\\/\\\/deenswonen.nl\\\/de\\\/produkt\\\/raadvad-brotschneider-chrom-gros\\\/#breadcrumb\"},\"inLanguage\":\"de\",\"potentialAction\":[{\"@type\":\"ReadAction\",\"target\":[\"https:\\\/\\\/deenswonen.nl\\\/de\\\/produkt\\\/raadvad-brotschneider-chrom-gros\\\/\"]}]},{\"@type\":\"ImageObject\",\"inLanguage\":\"de\",\"@id\":\"https:\\\/\\\/deenswonen.nl\\\/de\\\/produkt\\\/raadvad-brotschneider-chrom-gros\\\/#primaryimage\",\"url\":\"https:\\\/\\\/i0.wp.com\\\/deenswonen.nl\\\/wp-content\\\/uploads\\\/2023\\\/06\\\/raadvadchrome-scaled.jpg?fit=2560%2C1920&ssl=1\",\"contentUrl\":\"https:\\\/\\\/i0.wp.com\\\/deenswonen.nl\\\/wp-content\\\/uploads\\\/2023\\\/06\\\/raadvadchrome-scaled.jpg?fit=2560%2C1920&ssl=1\",\"width\":2560,\"height\":1920,\"caption\":\"Afbeelding van de Raadvad broodsnijder in de Chrome uitvoering die in deze advertentie wordt aangeboden.\"},{\"@type\":\"BreadcrumbList\",\"@id\":\"https:\\\/\\\/deenswonen.nl\\\/de\\\/produkt\\\/raadvad-brotschneider-chrom-gros\\\/#breadcrumb\",\"itemListElement\":[{\"@type\":\"ListItem\",\"position\":1,\"name\":\"Home\",\"item\":\"https:\\\/\\\/deenswonen.nl\\\/de\\\/daenisch-leben\\\/\"},{\"@type\":\"ListItem\",\"position\":2,\"name\":\"Winkel\",\"item\":\"https:\\\/\\\/deenswonen.nl\\\/winkel\\\/\"},{\"@type\":\"ListItem\",\"position\":3,\"name\":\"Raadvad Brotschneider Chrom (Gro\u00df)\"}]},{\"@type\":\"WebSite\",\"@id\":\"https:\\\/\\\/deenswonen.nl\\\/de\\\/#website\",\"url\":\"https:\\\/\\\/deenswonen.nl\\\/de\\\/\",\"name\":\"Deens wonen\",\"description\":\"Vintage skandinavische Wohnaccessoires\",\"publisher\":{\"@id\":\"https:\\\/\\\/deenswonen.nl\\\/de\\\/#organization\"},\"potentialAction\":[{\"@type\":\"SearchAction\",\"target\":{\"@type\":\"EntryPoint\",\"urlTemplate\":\"https:\\\/\\\/deenswonen.nl\\\/de\\\/?s={search_term_string}\"},\"query-input\":{\"@type\":\"PropertyValueSpecification\",\"valueRequired\":true,\"valueName\":\"search_term_string\"}}],\"inLanguage\":\"de\"},{\"@type\":\"Organization\",\"@id\":\"https:\\\/\\\/deenswonen.nl\\\/de\\\/#organization\",\"name\":\"D\u00e4nisch leben\",\"url\":\"https:\\\/\\\/deenswonen.nl\\\/de\\\/\",\"logo\":{\"@type\":\"ImageObject\",\"inLanguage\":\"de\",\"@id\":\"https:\\\/\\\/deenswonen.nl\\\/de\\\/#\\\/schema\\\/logo\\\/image\\\/\",\"url\":\"https:\\\/\\\/i0.wp.com\\\/deenswonen.nl\\\/wp-content\\\/uploads\\\/2021\\\/11\\\/51ECE736-8380-4D65-ACA6-DE74174F3C35_1_201_a.jpeg?fit=1200%2C675&ssl=1\",\"contentUrl\":\"https:\\\/\\\/i0.wp.com\\\/deenswonen.nl\\\/wp-content\\\/uploads\\\/2021\\\/11\\\/51ECE736-8380-4D65-ACA6-DE74174F3C35_1_201_a.jpeg?fit=1200%2C675&ssl=1\",\"width\":1200,\"height\":675,\"caption\":\"D\u00e4nisch leben\"},\"image\":{\"@id\":\"https:\\\/\\\/deenswonen.nl\\\/de\\\/#\\\/schema\\\/logo\\\/image\\\/\"}}]}<\/script>\n<!-- \/ Yoast SEO plugin. -->","yoast_head_json":{"title":"Raadvad Brotschneider Chrom (Gro\u00df) - D\u00e4nisch leben","description":"Wundersch\u00f6ner Brotschneider in der Farbe Chrom der d\u00e4nischen Marke Raadvad. Diese Brotschneidemaschinen sind ein echter Hingucker in Ihrer K\u00fcche. Schau hier","robots":{"index":"index","follow":"follow","max-snippet":"max-snippet:-1","max-image-preview":"max-image-preview:large","max-video-preview":"max-video-preview:-1"},"canonical":"https:\/\/deenswonen.nl\/de\/produkt\/raadvad-brotschneider-chrom-gros\/","og_locale":"de_DE","og_type":"article","og_title":"Raadvad Brotschneider Chrom (Gro\u00df) - D\u00e4nisch leben","og_description":"Wundersch\u00f6ner Brotschneider in der Farbe Chrom der d\u00e4nischen Marke Raadvad. Diese Brotschneidemaschinen sind ein echter Hingucker in Ihrer K\u00fcche. Schau hier","og_url":"https:\/\/deenswonen.nl\/de\/produkt\/raadvad-brotschneider-chrom-gros\/","og_site_name":"D\u00e4nisch leben","article_modified_time":"2023-10-12T18:17:11+00:00","og_image":[{"width":2560,"height":1920,"url":"https:\/\/i0.wp.com\/deenswonen.nl\/wp-content\/uploads\/2023\/06\/raadvadchrome-scaled.jpg?fit=2560%2C1920&ssl=1","type":"image\/jpeg"}],"twitter_card":"summary_large_image","twitter_misc":{"Gesch\u00e4tzte Lesezeit":"2\u00a0Minuten"},"schema":{"@context":"https:\/\/schema.org","@graph":[{"@type":"WebPage","@id":"https:\/\/deenswonen.nl\/de\/produkt\/raadvad-brotschneider-chrom-gros\/","url":"https:\/\/deenswonen.nl\/de\/produkt\/raadvad-brotschneider-chrom-gros\/","name":"Raadvad Brotschneider Chrom (Gro\u00df) - D\u00e4nisch leben","isPartOf":{"@id":"https:\/\/deenswonen.nl\/de\/#website"},"primaryImageOfPage":{"@id":"https:\/\/deenswonen.nl\/de\/produkt\/raadvad-brotschneider-chrom-gros\/#primaryimage"},"image":{"@id":"https:\/\/deenswonen.nl\/de\/produkt\/raadvad-brotschneider-chrom-gros\/#primaryimage"},"thumbnailUrl":"https:\/\/i0.wp.com\/deenswonen.nl\/wp-content\/uploads\/2023\/06\/raadvadchrome-scaled.jpg?fit=2560%2C1920&ssl=1","datePublished":"2023-06-16T10:39:28+00:00","dateModified":"2023-10-12T18:17:11+00:00","description":"Wundersch\u00f6ner Brotschneider in der Farbe Chrom der d\u00e4nischen Marke Raadvad. Diese Brotschneidemaschinen sind ein echter Hingucker in Ihrer K\u00fcche. Schau hier","breadcrumb":{"@id":"https:\/\/deenswonen.nl\/de\/produkt\/raadvad-brotschneider-chrom-gros\/#breadcrumb"},"inLanguage":"de","potentialAction":[{"@type":"ReadAction","target":["https:\/\/deenswonen.nl\/de\/produkt\/raadvad-brotschneider-chrom-gros\/"]}]},{"@type":"ImageObject","inLanguage":"de","@id":"https:\/\/deenswonen.nl\/de\/produkt\/raadvad-brotschneider-chrom-gros\/#primaryimage","url":"https:\/\/i0.wp.com\/deenswonen.nl\/wp-content\/uploads\/2023\/06\/raadvadchrome-scaled.jpg?fit=2560%2C1920&ssl=1","contentUrl":"https:\/\/i0.wp.com\/deenswonen.nl\/wp-content\/uploads\/2023\/06\/raadvadchrome-scaled.jpg?fit=2560%2C1920&ssl=1","width":2560,"height":1920,"caption":"Afbeelding van de Raadvad broodsnijder in de Chrome uitvoering die in deze advertentie wordt aangeboden."},{"@type":"BreadcrumbList","@id":"https:\/\/deenswonen.nl\/de\/produkt\/raadvad-brotschneider-chrom-gros\/#breadcrumb","itemListElement":[{"@type":"ListItem","position":1,"name":"Home","item":"https:\/\/deenswonen.nl\/de\/daenisch-leben\/"},{"@type":"ListItem","position":2,"name":"Winkel","item":"https:\/\/deenswonen.nl\/winkel\/"},{"@type":"ListItem","position":3,"name":"Raadvad Brotschneider Chrom (Gro\u00df)"}]},{"@type":"WebSite","@id":"https:\/\/deenswonen.nl\/de\/#website","url":"https:\/\/deenswonen.nl\/de\/","name":"Deens wonen","description":"Vintage skandinavische Wohnaccessoires","publisher":{"@id":"https:\/\/deenswonen.nl\/de\/#organization"},"potentialAction":[{"@type":"SearchAction","target":{"@type":"EntryPoint","urlTemplate":"https:\/\/deenswonen.nl\/de\/?s={search_term_string}"},"query-input":{"@type":"PropertyValueSpecification","valueRequired":true,"valueName":"search_term_string"}}],"inLanguage":"de"},{"@type":"Organization","@id":"https:\/\/deenswonen.nl\/de\/#organization","name":"D\u00e4nisch leben","url":"https:\/\/deenswonen.nl\/de\/","logo":{"@type":"ImageObject","inLanguage":"de","@id":"https:\/\/deenswonen.nl\/de\/#\/schema\/logo\/image\/","url":"https:\/\/i0.wp.com\/deenswonen.nl\/wp-content\/uploads\/2021\/11\/51ECE736-8380-4D65-ACA6-DE74174F3C35_1_201_a.jpeg?fit=1200%2C675&ssl=1","contentUrl":"https:\/\/i0.wp.com\/deenswonen.nl\/wp-content\/uploads\/2021\/11\/51ECE736-8380-4D65-ACA6-DE74174F3C35_1_201_a.jpeg?fit=1200%2C675&ssl=1","width":1200,"height":675,"caption":"D\u00e4nisch leben"},"image":{"@id":"https:\/\/deenswonen.nl\/de\/#\/schema\/logo\/image\/"}}]}},"jetpack_sharing_enabled":true,"_links":{"self":[{"href":"https:\/\/deenswonen.nl\/de\/wp-json\/wp\/v2\/product\/11137","targetHints":{"allow":["GET"]}}],"collection":[{"href":"https:\/\/deenswonen.nl\/de\/wp-json\/wp\/v2\/product"}],"about":[{"href":"https:\/\/deenswonen.nl\/de\/wp-json\/wp\/v2\/types\/product"}],"wp:featuredmedia":[{"embeddable":true,"href":"https:\/\/deenswonen.nl\/de\/wp-json\/wp\/v2\/media\/11243"}],"wp:attachment":[{"href":"https:\/\/deenswonen.nl\/de\/wp-json\/wp\/v2\/media?parent=11137"}],"wp:term":[{"taxonomy":"product_brand","embeddable":true,"href":"https:\/\/deenswonen.nl\/de\/wp-json\/wp\/v2\/product_brand?post=11137"},{"taxonomy":"product_cat","embeddable":true,"href":"https:\/\/deenswonen.nl\/de\/wp-json\/wp\/v2\/product_cat?post=11137"},{"taxonomy":"product_tag","embeddable":true,"href":"https:\/\/deenswonen.nl\/de\/wp-json\/wp\/v2\/product_tag?post=11137"}],"curies":[{"name":"wp","href":"https:\/\/api.w.org\/{rel}","templated":true}]}}