{"id":11002,"date":"2021-11-18T11:57:59","date_gmt":"2021-11-18T10:57:59","guid":{"rendered":"https:\/\/deenswonen.nl\/product\/georg-jensen-swing-kerzenhalter-aus-hochglaenzendem-edelstahl\/"},"modified":"2023-04-16T19:08:00","modified_gmt":"2023-04-16T17:08:00","slug":"georg-jensen-swing-kerzenhalter-hochglanz-edelstahl","status":"publish","type":"product","link":"https:\/\/deenswonen.nl\/de\/produkt\/georg-jensen-swing-kerzenhalter-hochglanz-edelstahl\/","title":{"rendered":"Georg Jensen Swing Kerzenhalter aus hochgl\u00e4nzendem Edelstahl"},"content":{"rendered":"<p>Sch\u00f6ner Georg Jensen Swing Kerzenst\u00e4nder aus hochgl\u00e4nzendem Edelstahl. Die Kerzenst\u00e4nder-Serie SWING ist von einer Blume inspiriert.<span class=\"Y2IQFc\" lang=\"nl\"> Die zarten Stiele biegen sich anmutig nach oben und weichen einem tulpenf\u00f6rmigen Kerzenhalter. Designer Jens Jensen begann mit der Idee des klassischen Kerzenhalters als Ausgangspunkt. Von da an wandte er seinen eigenen Geschmack f\u00fcr schlanke, zeitgen\u00f6ssische Formen an. Das fertige Produkt scheint fast zu schweben oder von einer unsichtbaren Kraft hochgezogen zu werden. Die D\u00fcnnheit der Stiele l\u00e4sst die Kerzen besonders strahlend leuchten, wenn sie in ihren tulpenartigen Fassungen stehen. <\/span><\/p>\n<p><span class=\"Y2IQFc\" lang=\"nl\">Es ist ein einzigartiger Effekt, der zum genauen Hinsehen einl\u00e4dt. Das Design ist witzig und einpr\u00e4gsam. Der zweiarmige Leuchter l\u00e4sst sich mit anderen SWING-Artikeln zu unterschiedlichen Gestaltungskonzepten kombinieren. Die Variationen laden zu fantasievollen Arrangements ein. <\/span>Dieser 2-armige Design-Kerzenhalter aus mattiertem Edelstahl ist f\u00fcr handels\u00fcbliche Tafelkerzen geeignet.<\/p>\n<h3 dir=\"ltr\" data-placeholder=\"Vertaling\">Georg Jensen Kerzenhalter Swing<\/h3>\n<p dir=\"ltr\" data-placeholder=\"Vertaling\">Dieser Kerzenhalter ist ca. 15 Jahre alt und in gutem Zustand mit leichten Gebrauchsspuren. Die Ma\u00dfe sind: H\u00f6he 22 cm und Durchmesser Fu\u00df 15 cm.<\/p>\n<h3 dir=\"ltr\" data-placeholder=\"Vertaling\">Geschichte Georg Jensen<\/h3>\n<p id=\"tw-target-text\" class=\"tw-data-text tw-text-large XcVN5d tw-ta\" dir=\"ltr\" data-placeholder=\"Vertaling\"><span class=\"Y2IQFc\" lang=\"nl\">Mit einer \u00fcber 100-j\u00e4hrigen Geschichte steht die Marke Georg Jensen f\u00fcr hochwertige Handwerkskunst und zeitloses \u00e4sthetisches Design. Georg Jensen stellt Lifestyle-Produkte her, die von Geschirr \u00fcber Uhren bis hin zu Schmuck und Haushaltsartikeln reichen. <\/span><\/p>\n<p class=\"tw-data-text tw-text-large XcVN5d tw-ta\" dir=\"ltr\" data-placeholder=\"Vertaling\"><span class=\"Y2IQFc\" lang=\"nl\">Georg Jensens eigene Philosophie war es, demokratische Designs zu schaffen, die sowohl Funktionalit\u00e4t als auch Sch\u00f6nheit besitzen. Seine handwerklichen F\u00e4higkeiten und sein k\u00fcnstlerisches Talent waren das Fundament, auf dem er 1904 Georg Jensen in Kopenhagen aufbaute. <\/span><span class=\"Y2IQFc\" lang=\"nl\">Georg Jensens Stil griff die Linien des Jugendstils der damaligen Zeit auf, verlieh ihnen jedoch eine unverwechselbare Kraft, die noch heute nachhallt. <\/span><\/p>\n<p>Dieser Leuchter ist etwa 15 Jahre alt, deshalb bitten wir Sie, sich die Fotos genau anzusehen. So erhalten Sie einen guten Eindruck vom Zustand des Leuchters. Bei Bedarf haben wir mehrere Modelle zur <a href=\"https:\/\/deenswonen.nl\/product-categorie\/merken\/georg-jensen\/\">Verf\u00fcgung<\/a>.<\/p>\n<p>Wir versenden alle unsere Produkte sorgf\u00e4ltig verpackt und per Einschreiben. Unsere Produkte k\u00f6nnen auch nach Vereinbarung in Berkel en Rodenrijs abgeholt werden.<\/p>\n","protected":false},"excerpt":{"rendered":"<p>Sch\u00f6ner Georg Jensen Swing Kerzenst\u00e4nder aus hochgl\u00e4nzendem Edelstahl. Die Kerzenst\u00e4nder-Serie SWING ist von einer Blume inspiriert.<span class=\"Y2IQFc\" lang=\"nl\"> <\/span><\/p>\n<p>&nbsp;<\/p>\n<ul>\n<li><strong>Skandinavisches Design<\/strong><\/li>\n<li><strong>Weltweiter Versand<\/strong><\/li>\n<li><strong>14 Tage Bedenkzeit<\/strong><\/li>\n<\/ul>\n<p>&nbsp;<\/p>\n<p>&nbsp;<\/p>\n","protected":false},"featured_media":2212,"template":"","meta":[],"product_brand":[],"product_cat":[98,168,165],"product_tag":[],"class_list":{"0":"post-11002","1":"product","2":"type-product","3":"status-publish","4":"has-post-thumbnail","6":"product_cat-georg-jensen-de","7":"product_cat-kerzenleuchter","8":"product_cat-produkte","9":"thunk-woo-product-list","10":"opn-qv-enable","11":"top-store-woo-hover-swap","12":"top-store-single-product-tab-horizontal","13":"top-store-shadow-","14":"top-store-shadow-hover-","16":"first","17":"outofstock","18":"taxable","19":"shipping-taxable","20":"purchasable","21":"product-type-simple"},"yoast_head":"<!-- This site is optimized with the Yoast SEO plugin v27.3 - https:\/\/yoast.com\/product\/yoast-seo-wordpress\/ -->\n<title>Georg Jensen Swing Kerzenhalter aus hochgl\u00e4nzendem Edelstahl - D\u00e4nisches Leben<\/title>\n<meta name=\"description\" content=\"Sch\u00f6ner Georg Jensen Swing Kerzenst\u00e4nder aus hochgl\u00e4nzendem Edelstahl. Die Kerzenst\u00e4nder-Serie SWING ist von einer Blume inspiriert. Suchen Sie hier nach unserer Kollektion\" \/>\n<meta name=\"robots\" content=\"index, follow, max-snippet:-1, max-image-preview:large, max-video-preview:-1\" \/>\n<link rel=\"canonical\" href=\"https:\/\/deenswonen.nl\/de\/produkt\/georg-jensen-swing-kerzenhalter-hochglanz-edelstahl\/\" \/>\n<meta property=\"og:locale\" content=\"de_DE\" \/>\n<meta property=\"og:type\" content=\"article\" \/>\n<meta property=\"og:title\" content=\"Georg Jensen Swing Kerzenhalter aus hochgl\u00e4nzendem Edelstahl - D\u00e4nisches Leben\" \/>\n<meta property=\"og:description\" content=\"Sch\u00f6ner Georg Jensen Swing Kerzenst\u00e4nder aus hochgl\u00e4nzendem Edelstahl. Die Kerzenst\u00e4nder-Serie SWING ist von einer Blume inspiriert. Suchen Sie hier nach unserer Kollektion\" \/>\n<meta property=\"og:url\" content=\"https:\/\/deenswonen.nl\/de\/produkt\/georg-jensen-swing-kerzenhalter-hochglanz-edelstahl\/\" \/>\n<meta property=\"og:site_name\" content=\"D\u00e4nisch leben\" \/>\n<meta property=\"article:modified_time\" content=\"2023-04-16T17:08:00+00:00\" \/>\n<meta property=\"og:image\" content=\"https:\/\/deenswonen.nl\/wp-content\/uploads\/2021\/11\/11963303-A04F-4057-B986-2C536C19FFBF.jpeg\" \/>\n\t<meta property=\"og:image:width\" content=\"960\" \/>\n\t<meta property=\"og:image:height\" content=\"1280\" \/>\n\t<meta property=\"og:image:type\" content=\"image\/jpeg\" \/>\n<meta name=\"twitter:card\" content=\"summary_large_image\" \/>\n<meta name=\"twitter:label1\" content=\"Gesch\u00e4tzte Lesezeit\" \/>\n\t<meta name=\"twitter:data1\" content=\"2\u00a0Minuten\" \/>\n<script type=\"application\/ld+json\" class=\"yoast-schema-graph\">{\"@context\":\"https:\\\/\\\/schema.org\",\"@graph\":[{\"@type\":\"WebPage\",\"@id\":\"https:\\\/\\\/deenswonen.nl\\\/de\\\/produkt\\\/georg-jensen-swing-kerzenhalter-hochglanz-edelstahl\\\/\",\"url\":\"https:\\\/\\\/deenswonen.nl\\\/de\\\/produkt\\\/georg-jensen-swing-kerzenhalter-hochglanz-edelstahl\\\/\",\"name\":\"Georg Jensen Swing Kerzenhalter aus hochgl\u00e4nzendem Edelstahl - D\u00e4nisches Leben\",\"isPartOf\":{\"@id\":\"https:\\\/\\\/deenswonen.nl\\\/de\\\/#website\"},\"primaryImageOfPage\":{\"@id\":\"https:\\\/\\\/deenswonen.nl\\\/de\\\/produkt\\\/georg-jensen-swing-kerzenhalter-hochglanz-edelstahl\\\/#primaryimage\"},\"image\":{\"@id\":\"https:\\\/\\\/deenswonen.nl\\\/de\\\/produkt\\\/georg-jensen-swing-kerzenhalter-hochglanz-edelstahl\\\/#primaryimage\"},\"thumbnailUrl\":\"https:\\\/\\\/i0.wp.com\\\/deenswonen.nl\\\/wp-content\\\/uploads\\\/2021\\\/11\\\/11963303-A04F-4057-B986-2C536C19FFBF.jpeg?fit=960%2C1280&ssl=1\",\"datePublished\":\"2021-11-18T10:57:59+00:00\",\"dateModified\":\"2023-04-16T17:08:00+00:00\",\"description\":\"Sch\u00f6ner Georg Jensen Swing Kerzenst\u00e4nder aus hochgl\u00e4nzendem Edelstahl. Die Kerzenst\u00e4nder-Serie SWING ist von einer Blume inspiriert. Suchen Sie hier nach unserer Kollektion\",\"breadcrumb\":{\"@id\":\"https:\\\/\\\/deenswonen.nl\\\/de\\\/produkt\\\/georg-jensen-swing-kerzenhalter-hochglanz-edelstahl\\\/#breadcrumb\"},\"inLanguage\":\"de\",\"potentialAction\":[{\"@type\":\"ReadAction\",\"target\":[\"https:\\\/\\\/deenswonen.nl\\\/de\\\/produkt\\\/georg-jensen-swing-kerzenhalter-hochglanz-edelstahl\\\/\"]}]},{\"@type\":\"ImageObject\",\"inLanguage\":\"de\",\"@id\":\"https:\\\/\\\/deenswonen.nl\\\/de\\\/produkt\\\/georg-jensen-swing-kerzenhalter-hochglanz-edelstahl\\\/#primaryimage\",\"url\":\"https:\\\/\\\/i0.wp.com\\\/deenswonen.nl\\\/wp-content\\\/uploads\\\/2021\\\/11\\\/11963303-A04F-4057-B986-2C536C19FFBF.jpeg?fit=960%2C1280&ssl=1\",\"contentUrl\":\"https:\\\/\\\/i0.wp.com\\\/deenswonen.nl\\\/wp-content\\\/uploads\\\/2021\\\/11\\\/11963303-A04F-4057-B986-2C536C19FFBF.jpeg?fit=960%2C1280&ssl=1\",\"width\":960,\"height\":1280,\"caption\":\"Abbildung des in dieser Anzeige angebotenen Georg Jensen Swing Candlestick aus hochgl\u00e4nzendem Edelstahl\"},{\"@type\":\"BreadcrumbList\",\"@id\":\"https:\\\/\\\/deenswonen.nl\\\/de\\\/produkt\\\/georg-jensen-swing-kerzenhalter-hochglanz-edelstahl\\\/#breadcrumb\",\"itemListElement\":[{\"@type\":\"ListItem\",\"position\":1,\"name\":\"Home\",\"item\":\"https:\\\/\\\/deenswonen.nl\\\/de\\\/daenisch-leben\\\/\"},{\"@type\":\"ListItem\",\"position\":2,\"name\":\"Winkel\",\"item\":\"https:\\\/\\\/deenswonen.nl\\\/winkel\\\/\"},{\"@type\":\"ListItem\",\"position\":3,\"name\":\"Georg Jensen Swing Kerzenhalter aus hochgl\u00e4nzendem Edelstahl\"}]},{\"@type\":\"WebSite\",\"@id\":\"https:\\\/\\\/deenswonen.nl\\\/de\\\/#website\",\"url\":\"https:\\\/\\\/deenswonen.nl\\\/de\\\/\",\"name\":\"Deens wonen\",\"description\":\"Vintage skandinavische Wohnaccessoires\",\"publisher\":{\"@id\":\"https:\\\/\\\/deenswonen.nl\\\/de\\\/#organization\"},\"potentialAction\":[{\"@type\":\"SearchAction\",\"target\":{\"@type\":\"EntryPoint\",\"urlTemplate\":\"https:\\\/\\\/deenswonen.nl\\\/de\\\/?s={search_term_string}\"},\"query-input\":{\"@type\":\"PropertyValueSpecification\",\"valueRequired\":true,\"valueName\":\"search_term_string\"}}],\"inLanguage\":\"de\"},{\"@type\":\"Organization\",\"@id\":\"https:\\\/\\\/deenswonen.nl\\\/de\\\/#organization\",\"name\":\"D\u00e4nisch leben\",\"url\":\"https:\\\/\\\/deenswonen.nl\\\/de\\\/\",\"logo\":{\"@type\":\"ImageObject\",\"inLanguage\":\"de\",\"@id\":\"https:\\\/\\\/deenswonen.nl\\\/de\\\/#\\\/schema\\\/logo\\\/image\\\/\",\"url\":\"https:\\\/\\\/i0.wp.com\\\/deenswonen.nl\\\/wp-content\\\/uploads\\\/2021\\\/11\\\/51ECE736-8380-4D65-ACA6-DE74174F3C35_1_201_a.jpeg?fit=1200%2C675&ssl=1\",\"contentUrl\":\"https:\\\/\\\/i0.wp.com\\\/deenswonen.nl\\\/wp-content\\\/uploads\\\/2021\\\/11\\\/51ECE736-8380-4D65-ACA6-DE74174F3C35_1_201_a.jpeg?fit=1200%2C675&ssl=1\",\"width\":1200,\"height\":675,\"caption\":\"D\u00e4nisch leben\"},\"image\":{\"@id\":\"https:\\\/\\\/deenswonen.nl\\\/de\\\/#\\\/schema\\\/logo\\\/image\\\/\"}}]}<\/script>\n<!-- \/ Yoast SEO plugin. -->","yoast_head_json":{"title":"Georg Jensen Swing Kerzenhalter aus hochgl\u00e4nzendem Edelstahl - D\u00e4nisches Leben","description":"Sch\u00f6ner Georg Jensen Swing Kerzenst\u00e4nder aus hochgl\u00e4nzendem Edelstahl. Die Kerzenst\u00e4nder-Serie SWING ist von einer Blume inspiriert. Suchen Sie hier nach unserer Kollektion","robots":{"index":"index","follow":"follow","max-snippet":"max-snippet:-1","max-image-preview":"max-image-preview:large","max-video-preview":"max-video-preview:-1"},"canonical":"https:\/\/deenswonen.nl\/de\/produkt\/georg-jensen-swing-kerzenhalter-hochglanz-edelstahl\/","og_locale":"de_DE","og_type":"article","og_title":"Georg Jensen Swing Kerzenhalter aus hochgl\u00e4nzendem Edelstahl - D\u00e4nisches Leben","og_description":"Sch\u00f6ner Georg Jensen Swing Kerzenst\u00e4nder aus hochgl\u00e4nzendem Edelstahl. Die Kerzenst\u00e4nder-Serie SWING ist von einer Blume inspiriert. Suchen Sie hier nach unserer Kollektion","og_url":"https:\/\/deenswonen.nl\/de\/produkt\/georg-jensen-swing-kerzenhalter-hochglanz-edelstahl\/","og_site_name":"D\u00e4nisch leben","article_modified_time":"2023-04-16T17:08:00+00:00","og_image":[{"width":960,"height":1280,"url":"https:\/\/deenswonen.nl\/wp-content\/uploads\/2021\/11\/11963303-A04F-4057-B986-2C536C19FFBF.jpeg","type":"image\/jpeg"}],"twitter_card":"summary_large_image","twitter_misc":{"Gesch\u00e4tzte Lesezeit":"2\u00a0Minuten"},"schema":{"@context":"https:\/\/schema.org","@graph":[{"@type":"WebPage","@id":"https:\/\/deenswonen.nl\/de\/produkt\/georg-jensen-swing-kerzenhalter-hochglanz-edelstahl\/","url":"https:\/\/deenswonen.nl\/de\/produkt\/georg-jensen-swing-kerzenhalter-hochglanz-edelstahl\/","name":"Georg Jensen Swing Kerzenhalter aus hochgl\u00e4nzendem Edelstahl - D\u00e4nisches Leben","isPartOf":{"@id":"https:\/\/deenswonen.nl\/de\/#website"},"primaryImageOfPage":{"@id":"https:\/\/deenswonen.nl\/de\/produkt\/georg-jensen-swing-kerzenhalter-hochglanz-edelstahl\/#primaryimage"},"image":{"@id":"https:\/\/deenswonen.nl\/de\/produkt\/georg-jensen-swing-kerzenhalter-hochglanz-edelstahl\/#primaryimage"},"thumbnailUrl":"https:\/\/i0.wp.com\/deenswonen.nl\/wp-content\/uploads\/2021\/11\/11963303-A04F-4057-B986-2C536C19FFBF.jpeg?fit=960%2C1280&ssl=1","datePublished":"2021-11-18T10:57:59+00:00","dateModified":"2023-04-16T17:08:00+00:00","description":"Sch\u00f6ner Georg Jensen Swing Kerzenst\u00e4nder aus hochgl\u00e4nzendem Edelstahl. Die Kerzenst\u00e4nder-Serie SWING ist von einer Blume inspiriert. Suchen Sie hier nach unserer Kollektion","breadcrumb":{"@id":"https:\/\/deenswonen.nl\/de\/produkt\/georg-jensen-swing-kerzenhalter-hochglanz-edelstahl\/#breadcrumb"},"inLanguage":"de","potentialAction":[{"@type":"ReadAction","target":["https:\/\/deenswonen.nl\/de\/produkt\/georg-jensen-swing-kerzenhalter-hochglanz-edelstahl\/"]}]},{"@type":"ImageObject","inLanguage":"de","@id":"https:\/\/deenswonen.nl\/de\/produkt\/georg-jensen-swing-kerzenhalter-hochglanz-edelstahl\/#primaryimage","url":"https:\/\/i0.wp.com\/deenswonen.nl\/wp-content\/uploads\/2021\/11\/11963303-A04F-4057-B986-2C536C19FFBF.jpeg?fit=960%2C1280&ssl=1","contentUrl":"https:\/\/i0.wp.com\/deenswonen.nl\/wp-content\/uploads\/2021\/11\/11963303-A04F-4057-B986-2C536C19FFBF.jpeg?fit=960%2C1280&ssl=1","width":960,"height":1280,"caption":"Abbildung des in dieser Anzeige angebotenen Georg Jensen Swing Candlestick aus hochgl\u00e4nzendem Edelstahl"},{"@type":"BreadcrumbList","@id":"https:\/\/deenswonen.nl\/de\/produkt\/georg-jensen-swing-kerzenhalter-hochglanz-edelstahl\/#breadcrumb","itemListElement":[{"@type":"ListItem","position":1,"name":"Home","item":"https:\/\/deenswonen.nl\/de\/daenisch-leben\/"},{"@type":"ListItem","position":2,"name":"Winkel","item":"https:\/\/deenswonen.nl\/winkel\/"},{"@type":"ListItem","position":3,"name":"Georg Jensen Swing Kerzenhalter aus hochgl\u00e4nzendem Edelstahl"}]},{"@type":"WebSite","@id":"https:\/\/deenswonen.nl\/de\/#website","url":"https:\/\/deenswonen.nl\/de\/","name":"Deens wonen","description":"Vintage skandinavische Wohnaccessoires","publisher":{"@id":"https:\/\/deenswonen.nl\/de\/#organization"},"potentialAction":[{"@type":"SearchAction","target":{"@type":"EntryPoint","urlTemplate":"https:\/\/deenswonen.nl\/de\/?s={search_term_string}"},"query-input":{"@type":"PropertyValueSpecification","valueRequired":true,"valueName":"search_term_string"}}],"inLanguage":"de"},{"@type":"Organization","@id":"https:\/\/deenswonen.nl\/de\/#organization","name":"D\u00e4nisch leben","url":"https:\/\/deenswonen.nl\/de\/","logo":{"@type":"ImageObject","inLanguage":"de","@id":"https:\/\/deenswonen.nl\/de\/#\/schema\/logo\/image\/","url":"https:\/\/i0.wp.com\/deenswonen.nl\/wp-content\/uploads\/2021\/11\/51ECE736-8380-4D65-ACA6-DE74174F3C35_1_201_a.jpeg?fit=1200%2C675&ssl=1","contentUrl":"https:\/\/i0.wp.com\/deenswonen.nl\/wp-content\/uploads\/2021\/11\/51ECE736-8380-4D65-ACA6-DE74174F3C35_1_201_a.jpeg?fit=1200%2C675&ssl=1","width":1200,"height":675,"caption":"D\u00e4nisch leben"},"image":{"@id":"https:\/\/deenswonen.nl\/de\/#\/schema\/logo\/image\/"}}]}},"jetpack_sharing_enabled":true,"_links":{"self":[{"href":"https:\/\/deenswonen.nl\/de\/wp-json\/wp\/v2\/product\/11002","targetHints":{"allow":["GET"]}}],"collection":[{"href":"https:\/\/deenswonen.nl\/de\/wp-json\/wp\/v2\/product"}],"about":[{"href":"https:\/\/deenswonen.nl\/de\/wp-json\/wp\/v2\/types\/product"}],"wp:featuredmedia":[{"embeddable":true,"href":"https:\/\/deenswonen.nl\/de\/wp-json\/wp\/v2\/media\/2212"}],"wp:attachment":[{"href":"https:\/\/deenswonen.nl\/de\/wp-json\/wp\/v2\/media?parent=11002"}],"wp:term":[{"taxonomy":"product_brand","embeddable":true,"href":"https:\/\/deenswonen.nl\/de\/wp-json\/wp\/v2\/product_brand?post=11002"},{"taxonomy":"product_cat","embeddable":true,"href":"https:\/\/deenswonen.nl\/de\/wp-json\/wp\/v2\/product_cat?post=11002"},{"taxonomy":"product_tag","embeddable":true,"href":"https:\/\/deenswonen.nl\/de\/wp-json\/wp\/v2\/product_tag?post=11002"}],"curies":[{"name":"wp","href":"https:\/\/api.w.org\/{rel}","templated":true}]}}